{"id":374,"date":"2025-08-16T08:31:27","date_gmt":"2025-08-16T08:31:27","guid":{"rendered":"https:\/\/emagoperations.ro\/?page_id=374"},"modified":"2025-09-24T14:46:54","modified_gmt":"2025-09-24T14:46:54","slug":"second-warehouse","status":"publish","type":"page","link":"https:\/\/emagoperations.ro\/ro\/second-warehouse\/","title":{"rendered":"second-warehouse"},"content":{"rendered":"<div data-elementor-type=\"wp-page\" data-elementor-id=\"374\" class=\"elementor elementor-374\" data-elementor-post-type=\"page\">\n\t\t\t\t<div class=\"elementor-element elementor-element-0229660 e-flex e-con-boxed e-con e-parent\" data-id=\"0229660\" data-element_type=\"container\" data-e-type=\"container\" data-settings=\"{&quot;background_background&quot;:&quot;gradient&quot;}\">\n\t\t\t\t\t<div class=\"e-con-inner\">\n\t\t<div class=\"elementor-element elementor-element-26ed399 e-con-full e-flex e-con e-child\" data-id=\"26ed399\" data-element_type=\"container\" data-e-type=\"container\" data-settings=\"{&quot;background_background&quot;:&quot;gradient&quot;}\">\n\t\t\t\t<\/div>\n\t\t\t\t\t<\/div>\n\t\t\t\t<\/div>\n\t\t<div class=\"elementor-element elementor-element-172a523 e-flex e-con-boxed e-con e-parent\" data-id=\"172a523\" data-element_type=\"container\" data-e-type=\"container\">\n\t\t\t\t\t<div class=\"e-con-inner\">\n\t\t<div class=\"elementor-element elementor-element-fcb230f e-con-full e-flex e-con e-child\" data-id=\"fcb230f\" data-element_type=\"container\" data-e-type=\"container\">\n\t\t<div class=\"elementor-element elementor-element-b411ea4 e-con-full e-flex e-con e-child\" data-id=\"b411ea4\" data-element_type=\"container\" data-e-type=\"container\">\n\t\t\t\t<div class=\"elementor-element elementor-element-f70bf37 elementor-widget elementor-widget-text-editor\" data-id=\"f70bf37\" data-element_type=\"widget\" data-e-type=\"widget\" data-widget_type=\"text-editor.default\">\n\t\t\t\t<div class=\"elementor-widget-container\">\n\t\t\t\t\t\t\t\t\t<p><strong>EMAG SECOND<\/strong><br \/><strong>WAREHOUSE<\/strong><\/p>\t\t\t\t\t\t\t\t<\/div>\n\t\t\t\t<\/div>\n\t\t\t\t<\/div>\n\t\t<div class=\"elementor-element elementor-element-9a6a97b e-con-full e-flex e-con e-child\" data-id=\"9a6a97b\" data-element_type=\"container\" data-e-type=\"container\">\n\t\t\t\t<div class=\"elementor-element elementor-element-0fcf74c elementor-widget elementor-widget-text-editor\" data-id=\"0fcf74c\" data-element_type=\"widget\" data-e-type=\"widget\" data-widget_type=\"text-editor.default\">\n\t\t\t\t<div class=\"elementor-widget-container\">\n\t\t\t\t\t\t\t\t\t<p>eMAG este o companie rom\u00e2neasc\u0103 de pionierat \u0219i liderul pie\u021bei de e-commerce. Compania investe\u0219te constant \u00een servicii bazate pe tehnologie, dezvoltate \u00een Rom\u00e2nia, care economisesc timp \u0219i aduc valoare clien\u021bilor s\u0103i.<\/p>\t\t\t\t\t\t\t\t<\/div>\n\t\t\t\t<\/div>\n\t\t\t\t<\/div>\n\t\t\t\t<\/div>\n\t\t<div class=\"elementor-element elementor-element-595ed8f e-con-full e-flex e-con e-child\" data-id=\"595ed8f\" data-element_type=\"container\" data-e-type=\"container\">\n\t\t<div class=\"elementor-element elementor-element-94b33f8 e-con-full e-flex e-con e-child\" data-id=\"94b33f8\" data-element_type=\"container\" data-e-type=\"container\">\n\t\t\t\t<div class=\"elementor-element elementor-element-51b4233 elementor-widget elementor-widget-text-editor\" data-id=\"51b4233\" data-element_type=\"widget\" data-e-type=\"widget\" data-widget_type=\"text-editor.default\">\n\t\t\t\t<div class=\"elementor-widget-container\">\n\t\t\t\t\t\t\t\t\t<p><strong>INFORMA\u021aII GENERALE<\/strong><\/p><p><strong>Func\u021bie:<\/strong><br \/>Logistic<\/p><p><strong>Suprafa\u021b\u0103:<\/strong><br \/>129,690 m\u00b2<\/p><p><strong>Loca\u021bie:<\/strong><br \/>Joita, GR, Romania<\/p><p><strong>Client:<\/strong><br \/>EMAG Logistica<\/p><p><strong>Status:<\/strong><br \/>Built<\/p><p><strong>An:<\/strong><br \/>2020-2021<\/p><p>Design and built by BAUPARTENER GROUP at this Website <a href=\"https:\/\/baupartnergroup.ro\/en\/\">https:\/\/baupartnergroup.ro\/en\/<\/a><\/p><p>\u00a0<\/p>\t\t\t\t\t\t\t\t<\/div>\n\t\t\t\t<\/div>\n\t\t\t\t<\/div>\n\t\t<div class=\"elementor-element elementor-element-e942a1f e-con-full e-flex e-con e-child\" data-id=\"e942a1f\" data-element_type=\"container\" data-e-type=\"container\">\n\t\t\t\t<div class=\"elementor-element elementor-element-a799b64 elementor-widget elementor-widget-gallery\" data-id=\"a799b64\" data-element_type=\"widget\" data-e-type=\"widget\" data-settings=\"{&quot;columns&quot;:2,&quot;lazyload&quot;:&quot;yes&quot;,&quot;gallery_layout&quot;:&quot;grid&quot;,&quot;columns_tablet&quot;:2,&quot;columns_mobile&quot;:1,&quot;gap&quot;:{&quot;unit&quot;:&quot;px&quot;,&quot;size&quot;:10,&quot;sizes&quot;:[]},&quot;gap_tablet&quot;:{&quot;unit&quot;:&quot;px&quot;,&quot;size&quot;:10,&quot;sizes&quot;:[]},&quot;gap_mobile&quot;:{&quot;unit&quot;:&quot;px&quot;,&quot;size&quot;:10,&quot;sizes&quot;:[]},&quot;link_to&quot;:&quot;file&quot;,&quot;aspect_ratio&quot;:&quot;3:2&quot;,&quot;overlay_background&quot;:&quot;yes&quot;,&quot;content_hover_animation&quot;:&quot;fade-in&quot;}\" data-widget_type=\"gallery.default\">\n\t\t\t\t<div class=\"elementor-widget-container\">\n\t\t\t\t\t\t\t<div class=\"elementor-gallery__container\">\n\t\t\t\t\t\t\t<a class=\"e-gallery-item elementor-gallery-item elementor-animated-content\" href=\"https:\/\/emagoperations.ro\/wp-content\/uploads\/2025\/09\/poza-.jpg\" data-elementor-open-lightbox=\"yes\" data-elementor-lightbox-slideshow=\"a799b64\" data-elementor-lightbox-title=\"poza\" data-e-action-hash=\"#elementor-action%3Aaction%3Dlightbox%26settings%3DeyJpZCI6NzA2LCJ1cmwiOiJodHRwczpcL1wvZW1hZ29wZXJhdGlvbnMucm9cL3dwLWNvbnRlbnRcL3VwbG9hZHNcLzIwMjVcLzA5XC9wb3phLS5qcGciLCJzbGlkZXNob3ciOiJhNzk5YjY0In0%3D\">\n\t\t\t\t\t<div class=\"e-gallery-image elementor-gallery-item__image\" data-thumbnail=\"https:\/\/emagoperations.ro\/wp-content\/uploads\/2025\/09\/poza-.jpg\" data-width=\"300\" data-height=\"169\" aria-label=\"\" role=\"img\" ><\/div>\n\t\t\t\t\t\t\t\t\t\t\t<div class=\"elementor-gallery-item__overlay\"><\/div>\n\t\t\t\t\t\t\t\t\t\t\t\t\t\t<\/a>\n\t\t\t\t\t\t\t<a class=\"e-gallery-item elementor-gallery-item elementor-animated-content\" href=\"https:\/\/emagoperations.ro\/wp-content\/uploads\/2025\/09\/poza-2-3.jpg\" data-elementor-open-lightbox=\"yes\" data-elementor-lightbox-slideshow=\"a799b64\" data-elementor-lightbox-title=\"poza 2\" data-e-action-hash=\"#elementor-action%3Aaction%3Dlightbox%26settings%3DeyJpZCI6NzA3LCJ1cmwiOiJodHRwczpcL1wvZW1hZ29wZXJhdGlvbnMucm9cL3dwLWNvbnRlbnRcL3VwbG9hZHNcLzIwMjVcLzA5XC9wb3phLTItMy5qcGciLCJzbGlkZXNob3ciOiJhNzk5YjY0In0%3D\">\n\t\t\t\t\t<div class=\"e-gallery-image elementor-gallery-item__image\" data-thumbnail=\"https:\/\/emagoperations.ro\/wp-content\/uploads\/2025\/09\/poza-2-3.jpg\" data-width=\"300\" data-height=\"188\" aria-label=\"\" role=\"img\" ><\/div>\n\t\t\t\t\t\t\t\t\t\t\t<div class=\"elementor-gallery-item__overlay\"><\/div>\n\t\t\t\t\t\t\t\t\t\t\t\t\t\t<\/a>\n\t\t\t\t\t\t\t<a class=\"e-gallery-item elementor-gallery-item elementor-animated-content\" href=\"https:\/\/emagoperations.ro\/wp-content\/uploads\/2025\/09\/poza-3-3.jpg\" data-elementor-open-lightbox=\"yes\" data-elementor-lightbox-slideshow=\"a799b64\" data-elementor-lightbox-title=\"poza 3\" data-e-action-hash=\"#elementor-action%3Aaction%3Dlightbox%26settings%3DeyJpZCI6NzA4LCJ1cmwiOiJodHRwczpcL1wvZW1hZ29wZXJhdGlvbnMucm9cL3dwLWNvbnRlbnRcL3VwbG9hZHNcLzIwMjVcLzA5XC9wb3phLTMtMy5qcGciLCJzbGlkZXNob3ciOiJhNzk5YjY0In0%3D\">\n\t\t\t\t\t<div class=\"e-gallery-image elementor-gallery-item__image\" data-thumbnail=\"https:\/\/emagoperations.ro\/wp-content\/uploads\/2025\/09\/poza-3-3.jpg\" data-width=\"225\" data-height=\"300\" aria-label=\"\" role=\"img\" ><\/div>\n\t\t\t\t\t\t\t\t\t\t\t<div class=\"elementor-gallery-item__overlay\"><\/div>\n\t\t\t\t\t\t\t\t\t\t\t\t\t\t<\/a>\n\t\t\t\t\t\t\t<a class=\"e-gallery-item elementor-gallery-item elementor-animated-content\" href=\"https:\/\/emagoperations.ro\/wp-content\/uploads\/2025\/09\/poza-4-1.jpg\" data-elementor-open-lightbox=\"yes\" data-elementor-lightbox-slideshow=\"a799b64\" data-elementor-lightbox-title=\"poza 4\" data-e-action-hash=\"#elementor-action%3Aaction%3Dlightbox%26settings%3DeyJpZCI6NzA5LCJ1cmwiOiJodHRwczpcL1wvZW1hZ29wZXJhdGlvbnMucm9cL3dwLWNvbnRlbnRcL3VwbG9hZHNcLzIwMjVcLzA5XC9wb3phLTQtMS5qcGciLCJzbGlkZXNob3ciOiJhNzk5YjY0In0%3D\">\n\t\t\t\t\t<div class=\"e-gallery-image elementor-gallery-item__image\" data-thumbnail=\"https:\/\/emagoperations.ro\/wp-content\/uploads\/2025\/09\/poza-4-1.jpg\" data-width=\"300\" data-height=\"200\" aria-label=\"\" role=\"img\" ><\/div>\n\t\t\t\t\t\t\t\t\t\t\t<div class=\"elementor-gallery-item__overlay\"><\/div>\n\t\t\t\t\t\t\t\t\t\t\t\t\t\t<\/a>\n\t\t\t\t\t\t\t<a class=\"e-gallery-item elementor-gallery-item elementor-animated-content\" href=\"https:\/\/emagoperations.ro\/wp-content\/uploads\/2025\/09\/poza-5-1.jpg\" data-elementor-open-lightbox=\"yes\" data-elementor-lightbox-slideshow=\"a799b64\" data-elementor-lightbox-title=\"poza 5\" data-e-action-hash=\"#elementor-action%3Aaction%3Dlightbox%26settings%3DeyJpZCI6NzEwLCJ1cmwiOiJodHRwczpcL1wvZW1hZ29wZXJhdGlvbnMucm9cL3dwLWNvbnRlbnRcL3VwbG9hZHNcLzIwMjVcLzA5XC9wb3phLTUtMS5qcGciLCJzbGlkZXNob3ciOiJhNzk5YjY0In0%3D\">\n\t\t\t\t\t<div class=\"e-gallery-image elementor-gallery-item__image\" data-thumbnail=\"https:\/\/emagoperations.ro\/wp-content\/uploads\/2025\/09\/poza-5-1.jpg\" data-width=\"300\" data-height=\"283\" aria-label=\"\" role=\"img\" ><\/div>\n\t\t\t\t\t\t\t\t\t\t\t<div class=\"elementor-gallery-item__overlay\"><\/div>\n\t\t\t\t\t\t\t\t\t\t\t\t\t\t<\/a>\n\t\t\t\t\t\t\t<a class=\"e-gallery-item elementor-gallery-item elementor-animated-content\" href=\"https:\/\/emagoperations.ro\/wp-content\/uploads\/2025\/09\/poza-6-1.jpg\" data-elementor-open-lightbox=\"yes\" data-elementor-lightbox-slideshow=\"a799b64\" data-elementor-lightbox-title=\"poza 6\" data-e-action-hash=\"#elementor-action%3Aaction%3Dlightbox%26settings%3DeyJpZCI6NzExLCJ1cmwiOiJodHRwczpcL1wvZW1hZ29wZXJhdGlvbnMucm9cL3dwLWNvbnRlbnRcL3VwbG9hZHNcLzIwMjVcLzA5XC9wb3phLTYtMS5qcGciLCJzbGlkZXNob3ciOiJhNzk5YjY0In0%3D\">\n\t\t\t\t\t<div class=\"e-gallery-image elementor-gallery-item__image\" data-thumbnail=\"https:\/\/emagoperations.ro\/wp-content\/uploads\/2025\/09\/poza-6-1.jpg\" data-width=\"300\" data-height=\"169\" aria-label=\"\" role=\"img\" ><\/div>\n\t\t\t\t\t\t\t\t\t\t\t<div class=\"elementor-gallery-item__overlay\"><\/div>\n\t\t\t\t\t\t\t\t\t\t\t\t\t\t<\/a>\n\t\t\t\t\t\t\t<a class=\"e-gallery-item elementor-gallery-item elementor-animated-content\" href=\"https:\/\/emagoperations.ro\/wp-content\/uploads\/2025\/09\/Poza-profil.jpg\" data-elementor-open-lightbox=\"yes\" data-elementor-lightbox-slideshow=\"a799b64\" data-elementor-lightbox-title=\"Poza profil\" data-e-action-hash=\"#elementor-action%3Aaction%3Dlightbox%26settings%3DeyJpZCI6NzEyLCJ1cmwiOiJodHRwczpcL1wvZW1hZ29wZXJhdGlvbnMucm9cL3dwLWNvbnRlbnRcL3VwbG9hZHNcLzIwMjVcLzA5XC9Qb3phLXByb2ZpbC5qcGciLCJzbGlkZXNob3ciOiJhNzk5YjY0In0%3D\">\n\t\t\t\t\t<div class=\"e-gallery-image elementor-gallery-item__image\" data-thumbnail=\"https:\/\/emagoperations.ro\/wp-content\/uploads\/2025\/09\/Poza-profil.jpg\" data-width=\"300\" data-height=\"169\" aria-label=\"\" role=\"img\" ><\/div>\n\t\t\t\t\t\t\t\t\t\t\t<div class=\"elementor-gallery-item__overlay\"><\/div>\n\t\t\t\t\t\t\t\t\t\t\t\t\t\t<\/a>\n\t\t\t\t\t\t\t<a class=\"e-gallery-item elementor-gallery-item elementor-animated-content\" href=\"https:\/\/emagoperations.ro\/wp-content\/uploads\/2025\/09\/poza.jpg\" data-elementor-open-lightbox=\"yes\" data-elementor-lightbox-slideshow=\"a799b64\" data-elementor-lightbox-title=\"poza\" data-e-action-hash=\"#elementor-action%3Aaction%3Dlightbox%26settings%3DeyJpZCI6NzEzLCJ1cmwiOiJodHRwczpcL1wvZW1hZ29wZXJhdGlvbnMucm9cL3dwLWNvbnRlbnRcL3VwbG9hZHNcLzIwMjVcLzA5XC9wb3phLmpwZyIsInNsaWRlc2hvdyI6ImE3OTliNjQifQ%3D%3D\">\n\t\t\t\t\t<div class=\"e-gallery-image elementor-gallery-item__image\" data-thumbnail=\"https:\/\/emagoperations.ro\/wp-content\/uploads\/2025\/09\/poza.jpg\" data-width=\"300\" data-height=\"225\" aria-label=\"\" role=\"img\" ><\/div>\n\t\t\t\t\t\t\t\t\t\t\t<div class=\"elementor-gallery-item__overlay\"><\/div>\n\t\t\t\t\t\t\t\t\t\t\t\t\t\t<\/a>\n\t\t\t\t\t<\/div>\n\t\t\t\t\t<\/div>\n\t\t\t\t<\/div>\n\t\t\t\t<\/div>\n\t\t\t\t<\/div>\n\t\t\t\t\t<\/div>\n\t\t\t\t<\/div>\n\t\t\t\t<\/div>","protected":false},"excerpt":{"rendered":"<p>EMAG SECONDWAREHOUSE eMAG is a pioneering Romanian company and the market leader in the e-commerce. The company has been continuously investing in technology-based services developed in Romania that save time and add value for their customers. GENERAL INFORMATION Function:Logistic Area:129,690 m\u00b2 Location:Joita, GR, Romania Client:EMAG Logistica Status:Built Year:2020-2021 Design and built by BAUPARTENER GROUP at [&hellip;]<\/p>","protected":false},"author":1,"featured_media":0,"parent":0,"menu_order":0,"comment_status":"closed","ping_status":"closed","template":"elementor_header_footer","meta":{"footnotes":""},"class_list":["post-374","page","type-page","status-publish","hentry"],"_links":{"self":[{"href":"https:\/\/emagoperations.ro\/ro\/wp-json\/wp\/v2\/pages\/374","targetHints":{"allow":["GET"]}}],"collection":[{"href":"https:\/\/emagoperations.ro\/ro\/wp-json\/wp\/v2\/pages"}],"about":[{"href":"https:\/\/emagoperations.ro\/ro\/wp-json\/wp\/v2\/types\/page"}],"author":[{"embeddable":true,"href":"https:\/\/emagoperations.ro\/ro\/wp-json\/wp\/v2\/users\/1"}],"replies":[{"embeddable":true,"href":"https:\/\/emagoperations.ro\/ro\/wp-json\/wp\/v2\/comments?post=374"}],"version-history":[{"count":28,"href":"https:\/\/emagoperations.ro\/ro\/wp-json\/wp\/v2\/pages\/374\/revisions"}],"predecessor-version":[{"id":966,"href":"https:\/\/emagoperations.ro\/ro\/wp-json\/wp\/v2\/pages\/374\/revisions\/966"}],"wp:attachment":[{"href":"https:\/\/emagoperations.ro\/ro\/wp-json\/wp\/v2\/media?parent=374"}],"curies":[{"name":"wp","href":"https:\/\/api.w.org\/{rel}","templated":true}]}}